{"id":1315,"date":"2025-09-09T17:16:20","date_gmt":"2025-09-09T17:16:20","guid":{"rendered":"https:\/\/aplicacion.mastervans.com.mx\/?page_id=1315"},"modified":"2025-09-09T19:50:43","modified_gmt":"2025-09-09T19:50:43","slug":"aviso-de-privacidad-2","status":"publish","type":"page","link":"https:\/\/aplicacion.mastervans.com.mx\/es_mx\/aviso-de-privacidad-2\/","title":{"rendered":"Aviso de privacidad"},"content":{"rendered":"\t\t<div data-elementor-type=\"wp-page\" data-elementor-id=\"1315\" class=\"elementor elementor-1315\" data-elementor-post-type=\"page\">\n\t\t\t\t<div class=\"elementor-element elementor-element-d332193 e-flex e-con-boxed e-con e-parent\" data-id=\"d332193\" data-element_type=\"container\" data-settings=\"{&quot;background_background&quot;:&quot;gradient&quot;}\">\n\t\t\t\t\t<div class=\"e-con-inner\">\n\t\t\t\t<div class=\"elementor-element elementor-element-1a970df elementor-widget elementor-widget-heading\" data-id=\"1a970df\" data-element_type=\"widget\" data-widget_type=\"heading.default\">\n\t\t\t\t<div class=\"elementor-widget-container\">\n\t\t\t\t\t<h2 class=\"elementor-heading-title elementor-size-default\">AVISO DE PRIVACIDAD<\/h2>\t\t\t\t<\/div>\n\t\t\t\t<\/div>\n\t\t\t\t<div class=\"elementor-element elementor-element-9380deb elementor-widget elementor-widget-text-editor\" data-id=\"9380deb\" data-element_type=\"widget\" data-widget_type=\"text-editor.default\">\n\t\t\t\t<div class=\"elementor-widget-container\">\n\t\t\t\t\t\t\t\t\t<p><span style=\"color: #333333;\"><a style=\"color: #333333; text-decoration: underline;\" href=\"https:\/\/aplicacion.mastervans.com.mx\">INICIO<\/a> <\/span>\/ AVISO DE PRIVACIDAD<\/p>\t\t\t\t\t\t\t\t<\/div>\n\t\t\t\t<\/div>\n\t\t\t\t\t<\/div>\n\t\t\t\t<\/div>\n\t\t<div class=\"elementor-element elementor-element-24f63d4 e-flex e-con-boxed e-con e-parent\" data-id=\"24f63d4\" data-element_type=\"container\">\n\t\t\t\t\t<div class=\"e-con-inner\">\n\t\t\t\t<div class=\"elementor-element elementor-element-af3f04c elementor-widget elementor-widget-text-editor\" data-id=\"af3f04c\" data-element_type=\"widget\" data-widget_type=\"text-editor.default\">\n\t\t\t\t<div class=\"elementor-widget-container\">\n\t\t\t\t\t\t\t\t\t<p>MASTER VANS MX en concordancia con lo estipulado por la Ley Federal de Protecci\u00f3n de Datos Personales en Posesi\u00f3n de Particulares, informa a sus clientes, proveedores, usuarios y p\u00fablico en general sobre su Aviso de Privacidad.<\/p><p>\u200bLos datos personales proporcionados al adquirir un boleto, mediante nuestra p\u00e1gina web o en cualquier relaci\u00f3n comercial cliente-proveedor, se utilizan para referenciar el servicio solicitado, facturaci\u00f3n, relaci\u00f3n comercial, estudios de mercado o control de calidad. Estos datos no se compartir\u00e1n con terceros.<\/p><p>\u200bLa informaci\u00f3n requerida para los servicios contratados incluye: nombre, apellidos, domicilio, tel\u00e9fono, correo electr\u00f3nico, fecha de nacimiento y nacionalidad. En caso de pagos con tarjeta, se solicitar\u00e1n datos financieros como nombre del titular, domicilio, tel\u00e9fono, nombre de la instituci\u00f3n bancaria, n\u00famero de tarjeta, fecha de vencimiento y c\u00f3digo de seguridad. Estos datos tampoco se compartir\u00e1n con terceros.<\/p><p>\u200bLos datos t\u00e9cnicos recolectados por MASTER VANS MX al interactuar en nuestros sitios web incluyen direcci\u00f3n de protocolo de internet, sistema operativo, tipo de navegador, direcci\u00f3n de un sitio web de referencia y la ruta de navegaci\u00f3n.<\/p><p>\u200bUsted tiene derecho a acceder, modificar o cancelar sus datos, oponerse a su uso e incluso revocarlos. Puede ejercer estos derechos contact\u00e1ndonos en el domicilio de la entidad responsable de proteger sus datos: MASTER VANS MX, +52 5620265511, hilvmastervans@gmail.com<\/p><p>\u200bCualquier cambio en este Aviso de Privacidad ser\u00e1 notificado a trav\u00e9s de nuestras p\u00e1ginas web, puntos de venta, medios de comunicaci\u00f3n y mediante nuestros operadores telef\u00f3nicos.<\/p><p>\u200bAl adquirir un boleto, contratar un servicio o establecer una relaci\u00f3n comercial con la empresa, usted acepta haber le\u00eddo y comprendido el aviso de privacidad.\u200b<\/p>\t\t\t\t\t\t\t\t<\/div>\n\t\t\t\t<\/div>\n\t\t\t\t\t<\/div>\n\t\t\t\t<\/div>\n\t\t\t\t<\/div>\n\t\t","protected":false},"excerpt":{"rendered":"<p>AVISO DE PRIVACIDAD INICIO \/ AVISO DE PRIVACIDAD MASTER VANS MX en concordancia con lo estipulado por la Ley Federal [&hellip;]<\/p>\n","protected":false},"author":1,"featured_media":0,"parent":0,"menu_order":0,"comment_status":"closed","ping_status":"closed","template":"","meta":{"site-sidebar-layout":"no-sidebar","site-content-layout":"","ast-site-content-layout":"full-width-container","site-content-style":"default","site-sidebar-style":"default","ast-global-header-display":"","ast-banner-title-visibility":"","ast-main-header-display":"","ast-hfb-above-header-display":"","ast-hfb-below-header-display":"","ast-hfb-mobile-header-display":"","site-post-title":"disabled","ast-breadcrumbs-content":"","ast-featured-img":"disabled","footer-sml-layout":"","theme-transparent-header-meta":"","adv-header-id-meta":"","stick-header-meta":"","header-above-stick-meta":"","header-main-stick-meta":"","header-below-stick-meta":"","astra-migrate-meta-layouts":"default","ast-page-background-enabled":"default","ast-page-background-meta":{"desktop":{"background-color":"var(--ast-global-color-5)","background-image":"","background-repeat":"repeat","background-position":"center center","background-size":"auto","background-attachment":"scroll","background-type":"","background-media":"","overlay-type":"","overlay-color":"","overlay-opacity":"","overlay-gradient":""},"tablet":{"background-color":"","background-image":"","background-repeat":"repeat","background-position":"center center","background-size":"auto","background-attachment":"scroll","background-type":"","background-media":"","overlay-type":"","overlay-color":"","overlay-opacity":"","overlay-gradient":""},"mobile":{"background-color":"","background-image":"","background-repeat":"repeat","background-position":"center center","background-size":"auto","background-attachment":"scroll","background-type":"","background-media":"","overlay-type":"","overlay-color":"","overlay-opacity":"","overlay-gradient":""}},"ast-content-background-meta":{"desktop":{"background-color":"var(--ast-global-color-4)","background-image":"","background-repeat":"repeat","background-position":"center center","background-size":"auto","background-attachment":"scroll","background-type":"","background-media":"","overlay-type":"","overlay-color":"","overlay-opacity":"","overlay-gradient":""},"tablet":{"background-color":"var(--ast-global-color-4)","background-image":"","background-repeat":"repeat","background-position":"center center","background-size":"auto","background-attachment":"scroll","background-type":"","background-media":"","overlay-type":"","overlay-color":"","overlay-opacity":"","overlay-gradient":""},"mobile":{"background-color":"var(--ast-global-color-4)","background-image":"","background-repeat":"repeat","background-position":"center center","background-size":"auto","background-attachment":"scroll","background-type":"","background-media":"","overlay-type":"","overlay-color":"","overlay-opacity":"","overlay-gradient":""}},"footnotes":""},"class_list":["post-1315","page","type-page","status-publish","hentry"],"_hostinger_reach_plugin_has_subscription_block":false,"_hostinger_reach_plugin_is_elementor":false,"_links":{"self":[{"href":"https:\/\/aplicacion.mastervans.com.mx\/es_mx\/wp-json\/wp\/v2\/pages\/1315","targetHints":{"allow":["GET"]}}],"collection":[{"href":"https:\/\/aplicacion.mastervans.com.mx\/es_mx\/wp-json\/wp\/v2\/pages"}],"about":[{"href":"https:\/\/aplicacion.mastervans.com.mx\/es_mx\/wp-json\/wp\/v2\/types\/page"}],"author":[{"embeddable":true,"href":"https:\/\/aplicacion.mastervans.com.mx\/es_mx\/wp-json\/wp\/v2\/users\/1"}],"replies":[{"embeddable":true,"href":"https:\/\/aplicacion.mastervans.com.mx\/es_mx\/wp-json\/wp\/v2\/comments?post=1315"}],"version-history":[{"count":19,"href":"https:\/\/aplicacion.mastervans.com.mx\/es_mx\/wp-json\/wp\/v2\/pages\/1315\/revisions"}],"predecessor-version":[{"id":1484,"href":"https:\/\/aplicacion.mastervans.com.mx\/es_mx\/wp-json\/wp\/v2\/pages\/1315\/revisions\/1484"}],"wp:attachment":[{"href":"https:\/\/aplicacion.mastervans.com.mx\/es_mx\/wp-json\/wp\/v2\/media?parent=1315"}],"curies":[{"name":"wp","href":"https:\/\/api.w.org\/{rel}","templated":true}]}}