{"id":20,"date":"2025-06-28T23:56:36","date_gmt":"2025-06-28T23:56:36","guid":{"rendered":"https:\/\/aplicacion.mastervans.com.mx\/?page_id=20"},"modified":"2025-09-09T19:48:18","modified_gmt":"2025-09-09T19:48:18","slug":"nosotros","status":"publish","type":"page","link":"https:\/\/aplicacion.mastervans.com.mx\/en\/nosotros\/","title":{"rendered":"We"},"content":{"rendered":"<div data-elementor-type=\"wp-page\" data-elementor-id=\"20\" class=\"elementor elementor-20\" data-elementor-post-type=\"page\">\n\t\t\t\t<div class=\"elementor-element elementor-element-21ad009 e-flex e-con-boxed e-con e-parent\" data-id=\"21ad009\" data-element_type=\"container\" data-settings=\"{&quot;background_background&quot;:&quot;gradient&quot;}\">\n\t\t\t\t\t<div class=\"e-con-inner\">\n\t\t\t\t<div class=\"elementor-element elementor-element-fd39b77 elementor-widget elementor-widget-heading\" data-id=\"fd39b77\" data-element_type=\"widget\" data-widget_type=\"heading.default\">\n\t\t\t\t<div class=\"elementor-widget-container\">\n\t\t\t\t\t<h2 class=\"elementor-heading-title elementor-size-default\">We<\/h2>\t\t\t\t<\/div>\n\t\t\t\t<\/div>\n\t\t\t\t<div class=\"elementor-element elementor-element-98780e8 elementor-widget elementor-widget-text-editor\" data-id=\"98780e8\" data-element_type=\"widget\" data-widget_type=\"text-editor.default\">\n\t\t\t\t<div class=\"elementor-widget-container\">\n\t\t\t\t\t\t\t\t\t<p><span style=\"color: #333333;\"><a style=\"color: #333333; text-decoration: underline;\" href=\"https:\/\/aplicacion.mastervans.com.mx\/en\/\">INICIO<\/a> <\/span>\/ NOSOTROS<\/p>\t\t\t\t\t\t\t\t<\/div>\n\t\t\t\t<\/div>\n\t\t\t\t\t<\/div>\n\t\t\t\t<\/div>\n\t\t<div class=\"elementor-element elementor-element-a6527cd e-flex e-con-boxed e-con e-parent\" data-id=\"a6527cd\" data-element_type=\"container\" data-settings=\"{&quot;background_background&quot;:&quot;classic&quot;}\">\n\t\t\t\t\t<div class=\"e-con-inner\">\n\t\t<div class=\"elementor-element elementor-element-5a0b8db e-con-full e-flex e-con e-child\" data-id=\"5a0b8db\" data-element_type=\"container\">\n\t\t\t\t<div class=\"elementor-element elementor-element-1813f9c elementor-widget elementor-widget-image\" data-id=\"1813f9c\" data-element_type=\"widget\" data-widget_type=\"image.default\">\n\t\t\t\t<div class=\"elementor-widget-container\">\n\t\t\t\t\t\t\t\t\t\t\t\t\t\t\t<img fetchpriority=\"high\" decoding=\"async\" width=\"696\" height=\"468\" src=\"https:\/\/aplicacion.mastervans.com.mx\/wp-content\/uploads\/2025\/09\/cam01.png\" class=\"attachment-large size-large wp-image-1182\" alt=\"\" srcset=\"https:\/\/aplicacion.mastervans.com.mx\/wp-content\/uploads\/2025\/09\/cam01.png 696w, https:\/\/aplicacion.mastervans.com.mx\/wp-content\/uploads\/2025\/09\/cam01-300x202.png 300w, https:\/\/aplicacion.mastervans.com.mx\/wp-content\/uploads\/2025\/09\/cam01-18x12.png 18w, https:\/\/aplicacion.mastervans.com.mx\/wp-content\/uploads\/2025\/09\/cam01-600x403.png 600w\" sizes=\"(max-width: 696px) 100vw, 696px\" \/>\t\t\t\t\t\t\t\t\t\t\t\t\t\t\t<\/div>\n\t\t\t\t<\/div>\n\t\t\t\t<\/div>\n\t\t<div class=\"elementor-element elementor-element-40815a0 e-con-full e-flex e-con e-child\" data-id=\"40815a0\" data-element_type=\"container\">\n\t\t\t\t<div class=\"elementor-element elementor-element-263982b elementor-widget elementor-widget-heading\" data-id=\"263982b\" data-element_type=\"widget\" data-widget_type=\"heading.default\">\n\t\t\t\t<div class=\"elementor-widget-container\">\n\t\t\t\t\t<h2 class=\"elementor-heading-title elementor-size-default\">\u00bf Quienes somos ?<\/h2>\t\t\t\t<\/div>\n\t\t\t\t<\/div>\n\t\t\t\t<div class=\"elementor-element elementor-element-0afb3a2 elementor-widget elementor-widget-text-editor\" data-id=\"0afb3a2\" data-element_type=\"widget\" data-widget_type=\"text-editor.default\">\n\t\t\t\t<div class=\"elementor-widget-container\">\n\t\t\t\t\t\t\t\t\t<p class=\"font_8 wixui-rich-text__text\"><span class=\"wixui-rich-text__text\">Master Vans Mx se ha posicionado como una empresa l\u00edder en el \u00e1mbito del transporte a lo largo y ancho del pa\u00eds. Gracias a su innovadora plataforma tecnol\u00f3gica, simplifica y ampl\u00eda la gama de opciones para viajes hacia m\u00faltiples destinos, haciendo uso estrat\u00e9gico de los servicios prestados por selectos proveedores de autotransporte federal especializados en la modalidad tur\u00edstica.<\/span><\/p><p class=\"font_8 wixui-rich-text__text\"><span class=\"wixui-rich-text__text\"><span class=\"wixGuard wixui-rich-text__text\">\u200b<\/span><\/span><span class=\"wixui-rich-text__text\">La misi\u00f3n primordial de Master Vans Mx va m\u00e1s all\u00e1 de la mera conectividad. Se centra en ser el nexo entre aquellos que buscan no solo desplazarse, sino hacerlo con comodidad, confianza y seguridad, ofreciendo rutas diversificadas hacia distintas ciudades de M\u00e9xico. Esto se logra gracias a una cuidadosa selecci\u00f3n de servicios de transporte dentro de la empresa, garantizando as\u00ed una experiencia integral y satisfactoria para cada uno de sus usuarios.<\/span><\/p><p class=\"font_8 wixui-rich-text__text\"><span class=\"wixui-rich-text__text\"><span class=\"wixGuard wixui-rich-text__text\">\u200b<\/span><\/span><span class=\"wixui-rich-text__text\">Con un enfoque orientado hacia la calidad y la atenci\u00f3n al cliente, Master Vans Mx se esfuerza constantemente por brindar un servicio eficiente y confiable. La promesa fundamental es proporcionar no solo un medio de transporte, sino una experiencia de viaje placentera, convirtiendo cada trayecto en una oportunidad para descubrir la belleza y diversidad de M\u00e9xico, siempre con los m\u00e1s altos est\u00e1ndares de calidad y seguridad en cada viaje.<\/span><\/p>\t\t\t\t\t\t\t\t<\/div>\n\t\t\t\t<\/div>\n\t\t\t\t<\/div>\n\t\t\t\t\t<\/div>\n\t\t\t\t<\/div>\n\t\t<div class=\"elementor-element elementor-element-50d3b68 e-flex e-con-boxed e-con e-parent\" data-id=\"50d3b68\" data-element_type=\"container\" data-settings=\"{&quot;background_background&quot;:&quot;classic&quot;,&quot;shape_divider_top&quot;:&quot;waves&quot;}\">\n\t\t\t\t\t<div class=\"e-con-inner\">\n\t\t\t\t<div class=\"elementor-shape elementor-shape-top\" aria-hidden=\"true\" data-negative=\"false\">\n\t\t\t<svg xmlns=\"http:\/\/www.w3.org\/2000\/svg\" viewbox=\"0 0 1000 100\" preserveaspectratio=\"none\">\n\t<path class=\"elementor-shape-fill\" d=\"M421.9,6.5c22.6-2.5,51.5,0.4,75.5,5.3c23.6,4.9,70.9,23.5,100.5,35.7c75.8,32.2,133.7,44.5,192.6,49.7\tc23.6,2.1,48.7,3.5,103.4-2.5c54.7-6,106.2-25.6,106.2-25.6V0H0v30.3c0,0,72,32.6,158.4,30.5c39.2-0.7,92.8-6.7,134-22.4\tc21.2-8.1,52.2-18.2,79.7-24.2C399.3,7.9,411.6,7.5,421.9,6.5z\"\/>\n<\/svg>\t\t<\/div>\n\t\t<div class=\"elementor-element elementor-element-da58316 e-con-full e-flex e-con e-child\" data-id=\"da58316\" data-element_type=\"container\">\n\t\t<div class=\"elementor-element elementor-element-f29dc0f e-con-full e-flex e-con e-child\" data-id=\"f29dc0f\" data-element_type=\"container\">\n\t\t\t\t<div class=\"elementor-element elementor-element-a882290 elementor-view-default elementor-widget elementor-widget-icon\" data-id=\"a882290\" data-element_type=\"widget\" data-widget_type=\"icon.default\">\n\t\t\t\t<div class=\"elementor-widget-container\">\n\t\t\t\t\t\t\t<div class=\"elementor-icon-wrapper\">\n\t\t\t<div class=\"elementor-icon\">\n\t\t\t<i aria-hidden=\"true\" class=\"huge huge-checkmark-badge-03\"><\/i>\t\t\t<\/div>\n\t\t<\/div>\n\t\t\t\t\t\t<\/div>\n\t\t\t\t<\/div>\n\t\t\t\t<\/div>\n\t\t<div class=\"elementor-element elementor-element-59f3fa0 e-con-full e-flex e-con e-child\" data-id=\"59f3fa0\" data-element_type=\"container\">\n\t\t\t\t<div class=\"elementor-element elementor-element-b45d8c8 elementor-widget elementor-widget-heading\" data-id=\"b45d8c8\" data-element_type=\"widget\" data-widget_type=\"heading.default\">\n\t\t\t\t<div class=\"elementor-widget-container\">\n\t\t\t\t\t<h2 class=\"elementor-heading-title elementor-size-default\">Misi\u00f3n<\/h2>\t\t\t\t<\/div>\n\t\t\t\t<\/div>\n\t\t\t\t<div class=\"elementor-element elementor-element-14a2b5f elementor-widget elementor-widget-text-editor\" data-id=\"14a2b5f\" data-element_type=\"widget\" data-widget_type=\"text-editor.default\">\n\t\t\t\t<div class=\"elementor-widget-container\">\n\t\t\t\t\t\t\t\t\t<p>Proporcionar un servicio de transporte terrestre excepcional, superando las expectativas de nuestros clientes through de unidades seguras, rutas estrat\u00e9gicas y un trato amable y profesional, contribuyendo as\u00ed a la dinamizaci\u00f3n de la movilidad en la regi\u00f3n.<\/p>\t\t\t\t\t\t\t\t<\/div>\n\t\t\t\t<\/div>\n\t\t\t\t<\/div>\n\t\t\t\t<\/div>\n\t\t<div class=\"elementor-element elementor-element-76052da e-con-full e-flex e-con e-child\" data-id=\"76052da\" data-element_type=\"container\">\n\t\t<div class=\"elementor-element elementor-element-92f339e e-con-full e-flex e-con e-child\" data-id=\"92f339e\" data-element_type=\"container\">\n\t\t\t\t<div class=\"elementor-element elementor-element-06c451c elementor-view-default elementor-widget elementor-widget-icon\" data-id=\"06c451c\" data-element_type=\"widget\" data-widget_type=\"icon.default\">\n\t\t\t\t<div class=\"elementor-widget-container\">\n\t\t\t\t\t\t\t<div class=\"elementor-icon-wrapper\">\n\t\t\t<div class=\"elementor-icon\">\n\t\t\t<i aria-hidden=\"true\" class=\"huge huge-checkmark-badge-03\"><\/i>\t\t\t<\/div>\n\t\t<\/div>\n\t\t\t\t\t\t<\/div>\n\t\t\t\t<\/div>\n\t\t\t\t<\/div>\n\t\t<div class=\"elementor-element elementor-element-d97cc09 e-con-full e-flex e-con e-child\" data-id=\"d97cc09\" data-element_type=\"container\">\n\t\t\t\t<div class=\"elementor-element elementor-element-af661ee elementor-widget elementor-widget-heading\" data-id=\"af661ee\" data-element_type=\"widget\" data-widget_type=\"heading.default\">\n\t\t\t\t<div class=\"elementor-widget-container\">\n\t\t\t\t\t<h2 class=\"elementor-heading-title elementor-size-default\">Visi\u00f3n<\/h2>\t\t\t\t<\/div>\n\t\t\t\t<\/div>\n\t\t\t\t<div class=\"elementor-element elementor-element-fe6e731 elementor-widget elementor-widget-text-editor\" data-id=\"fe6e731\" data-element_type=\"widget\" data-widget_type=\"text-editor.default\">\n\t\t\t\t<div class=\"elementor-widget-container\">\n\t\t\t\t\t\t\t\t\t<p>Ser reconocidos como la empresa l\u00edder y de mayor confianza en transporte de pasajeros entre el centro de M\u00e9xico y el estado de Guerrero, siendo sin\u00f3nimo de calidad, innovaci\u00f3n y servicio al cliente.<\/p>\t\t\t\t\t\t\t\t<\/div>\n\t\t\t\t<\/div>\n\t\t\t\t<\/div>\n\t\t\t\t<\/div>\n\t\t<div class=\"elementor-element elementor-element-6e84b96 e-con-full e-flex e-con e-child\" data-id=\"6e84b96\" data-element_type=\"container\">\n\t\t<div class=\"elementor-element elementor-element-af0b07a e-con-full e-flex e-con e-child\" data-id=\"af0b07a\" data-element_type=\"container\">\n\t\t\t\t<div class=\"elementor-element elementor-element-a6db90c elementor-view-default elementor-widget elementor-widget-icon\" data-id=\"a6db90c\" data-element_type=\"widget\" data-widget_type=\"icon.default\">\n\t\t\t\t<div class=\"elementor-widget-container\">\n\t\t\t\t\t\t\t<div class=\"elementor-icon-wrapper\">\n\t\t\t<div class=\"elementor-icon\">\n\t\t\t<i aria-hidden=\"true\" class=\"huge huge-checkmark-badge-03\"><\/i>\t\t\t<\/div>\n\t\t<\/div>\n\t\t\t\t\t\t<\/div>\n\t\t\t\t<\/div>\n\t\t\t\t<\/div>\n\t\t<div class=\"elementor-element elementor-element-8b92b70 e-con-full e-flex e-con e-child\" data-id=\"8b92b70\" data-element_type=\"container\">\n\t\t\t\t<div class=\"elementor-element elementor-element-57711ef elementor-widget elementor-widget-heading\" data-id=\"57711ef\" data-element_type=\"widget\" data-widget_type=\"heading.default\">\n\t\t\t\t<div class=\"elementor-widget-container\">\n\t\t\t\t\t<h2 class=\"elementor-heading-title elementor-size-default\">Visi\u00f3n<\/h2>\t\t\t\t<\/div>\n\t\t\t\t<\/div>\n\t\t\t\t<div class=\"elementor-element elementor-element-e94fca6 elementor-widget elementor-widget-text-editor\" data-id=\"e94fca6\" data-element_type=\"widget\" data-widget_type=\"text-editor.default\">\n\t\t\t\t<div class=\"elementor-widget-container\">\n\t\t\t\t\t\t\t\t\t<ul><li><p class=\"ds-markdown-paragraph\"><strong>Seguridad:<\/strong>\u00a0Nuestra m\u00e1xima prioridad en cada decisi\u00f3n y viaje.<\/p><\/li><li><p class=\"ds-markdown-paragraph\"><strong>Confianza:<\/strong>\u00a0La base de nuestra relaci\u00f3n con los clientes y colaboradores.<\/p><\/li><li><p class=\"ds-markdown-paragraph\"><strong>Puntualidad:<\/strong>\u00a0Respetamos tu tiempo como si fuera el nuestro.<\/p><\/li><li><p class=\"ds-markdown-paragraph\"><strong>Servicio:<\/strong>\u00a0Amabilidad, disposici\u00f3n y trato humano siempre.<\/p><\/li><li><p class=\"ds-markdown-paragraph\"><strong>Compromiso:<\/strong>\u00a0Con la calidad, la mejora continua y nuestra comunidad.<\/p><\/li><\/ul>\t\t\t\t\t\t\t\t<\/div>\n\t\t\t\t<\/div>\n\t\t\t\t<\/div>\n\t\t\t\t<\/div>\n\t\t\t\t\t<\/div>\n\t\t\t\t<\/div>\n\t\t\t\t<\/div>","protected":false},"excerpt":{"rendered":"<p>Nosotros INICIO \/ NOSOTROS \u00bf Quienes somos ? Master Vans Mx se ha posicionado como una empresa l\u00edder en el [&hellip;]<\/p>","protected":false},"author":1,"featured_media":0,"parent":0,"menu_order":0,"comment_status":"closed","ping_status":"closed","template":"","meta":{"site-sidebar-layout":"no-sidebar","site-content-layout":"","ast-site-content-layout":"full-width-container","site-content-style":"default","site-sidebar-style":"default","ast-global-header-display":"","ast-banner-title-visibility":"","ast-main-header-display":"","ast-hfb-above-header-display":"","ast-hfb-below-header-display":"","ast-hfb-mobile-header-display":"","site-post-title":"disabled","ast-breadcrumbs-content":"","ast-featured-img":"disabled","footer-sml-layout":"","theme-transparent-header-meta":"","adv-header-id-meta":"","stick-header-meta":"","header-above-stick-meta":"","header-main-stick-meta":"","header-below-stick-meta":"","astra-migrate-meta-layouts":"default","ast-page-background-enabled":"default","ast-page-background-meta":{"desktop":{"background-color":"var(--ast-global-color-5)","background-image":"","background-repeat":"repeat","background-position":"center center","background-size":"auto","background-attachment":"scroll","background-type":"","background-media":"","overlay-type":"","overlay-color":"","overlay-opacity":"","overlay-gradient":""},"tablet":{"background-color":"","background-image":"","background-repeat":"repeat","background-position":"center center","background-size":"auto","background-attachment":"scroll","background-type":"","background-media":"","overlay-type":"","overlay-color":"","overlay-opacity":"","overlay-gradient":""},"mobile":{"background-color":"","background-image":"","background-repeat":"repeat","background-position":"center center","background-size":"auto","background-attachment":"scroll","background-type":"","background-media":"","overlay-type":"","overlay-color":"","overlay-opacity":"","overlay-gradient":""}},"ast-content-background-meta":{"desktop":{"background-color":"var(--ast-global-color-4)","background-image":"","background-repeat":"repeat","background-position":"center center","background-size":"auto","background-attachment":"scroll","background-type":"","background-media":"","overlay-type":"","overlay-color":"","overlay-opacity":"","overlay-gradient":""},"tablet":{"background-color":"var(--ast-global-color-4)","background-image":"","background-repeat":"repeat","background-position":"center center","background-size":"auto","background-attachment":"scroll","background-type":"","background-media":"","overlay-type":"","overlay-color":"","overlay-opacity":"","overlay-gradient":""},"mobile":{"background-color":"var(--ast-global-color-4)","background-image":"","background-repeat":"repeat","background-position":"center center","background-size":"auto","background-attachment":"scroll","background-type":"","background-media":"","overlay-type":"","overlay-color":"","overlay-opacity":"","overlay-gradient":""}},"footnotes":""},"class_list":["post-20","page","type-page","status-publish","hentry"],"_hostinger_reach_plugin_has_subscription_block":false,"_hostinger_reach_plugin_is_elementor":false,"_links":{"self":[{"href":"https:\/\/aplicacion.mastervans.com.mx\/en\/wp-json\/wp\/v2\/pages\/20","targetHints":{"allow":["GET"]}}],"collection":[{"href":"https:\/\/aplicacion.mastervans.com.mx\/en\/wp-json\/wp\/v2\/pages"}],"about":[{"href":"https:\/\/aplicacion.mastervans.com.mx\/en\/wp-json\/wp\/v2\/types\/page"}],"author":[{"embeddable":true,"href":"https:\/\/aplicacion.mastervans.com.mx\/en\/wp-json\/wp\/v2\/users\/1"}],"replies":[{"embeddable":true,"href":"https:\/\/aplicacion.mastervans.com.mx\/en\/wp-json\/wp\/v2\/comments?post=20"}],"version-history":[{"count":49,"href":"https:\/\/aplicacion.mastervans.com.mx\/en\/wp-json\/wp\/v2\/pages\/20\/revisions"}],"predecessor-version":[{"id":1472,"href":"https:\/\/aplicacion.mastervans.com.mx\/en\/wp-json\/wp\/v2\/pages\/20\/revisions\/1472"}],"wp:attachment":[{"href":"https:\/\/aplicacion.mastervans.com.mx\/en\/wp-json\/wp\/v2\/media?parent=20"}],"curies":[{"name":"wp","href":"https:\/\/api.w.org\/{rel}","templated":true}]}}