{"id":1328,"date":"2025-09-09T17:18:43","date_gmt":"2025-09-09T17:18:43","guid":{"rendered":"https:\/\/aplicacion.mastervans.com.mx\/?page_id=1328"},"modified":"2025-09-09T19:51:59","modified_gmt":"2025-09-09T19:51:59","slug":"politica-de-viaje","status":"publish","type":"page","link":"https:\/\/aplicacion.mastervans.com.mx\/en\/politica-de-viaje\/","title":{"rendered":"Pol\u00edtica de viaje"},"content":{"rendered":"<div data-elementor-type=\"wp-page\" data-elementor-id=\"1328\" class=\"elementor elementor-1328\" data-elementor-post-type=\"page\">\n\t\t\t\t<div class=\"elementor-element elementor-element-b6a1c2a e-flex e-con-boxed e-con e-parent\" data-id=\"b6a1c2a\" data-element_type=\"container\" data-settings=\"{&quot;background_background&quot;:&quot;gradient&quot;}\">\n\t\t\t\t\t<div class=\"e-con-inner\">\n\t\t\t\t<div class=\"elementor-element elementor-element-c1271c5 elementor-widget elementor-widget-heading\" data-id=\"c1271c5\" data-element_type=\"widget\" data-widget_type=\"heading.default\">\n\t\t\t\t<div class=\"elementor-widget-container\">\n\t\t\t\t\t<h2 class=\"elementor-heading-title elementor-size-default\">POL\u00cdTICA DE VIAJES<\/h2>\t\t\t\t<\/div>\n\t\t\t\t<\/div>\n\t\t\t\t<div class=\"elementor-element elementor-element-8b4079f elementor-widget elementor-widget-text-editor\" data-id=\"8b4079f\" data-element_type=\"widget\" data-widget_type=\"text-editor.default\">\n\t\t\t\t<div class=\"elementor-widget-container\">\n\t\t\t\t\t\t\t\t\t<p><span style=\"color: #333333;\"><a style=\"color: #333333; text-decoration: underline;\" href=\"https:\/\/aplicacion.mastervans.com.mx\/en\/\">INICIO<\/a> <\/span>\/ POL\u00cdTICA DE VIAJE<\/p>\t\t\t\t\t\t\t\t<\/div>\n\t\t\t\t<\/div>\n\t\t\t\t\t<\/div>\n\t\t\t\t<\/div>\n\t\t<div class=\"elementor-element elementor-element-219ac4f e-flex e-con-boxed e-con e-parent\" data-id=\"219ac4f\" data-element_type=\"container\">\n\t\t\t\t\t<div class=\"e-con-inner\">\n\t\t\t\t<div class=\"elementor-element elementor-element-90491de elementor-widget elementor-widget-text-editor\" data-id=\"90491de\" data-element_type=\"widget\" data-widget_type=\"text-editor.default\">\n\t\t\t\t<div class=\"elementor-widget-container\">\n\t\t\t\t\t\t\t\t\t<p>Master Vans Mx representa una plataforma tecnol\u00f3gica que facilita la oferta de viajes a variados destinos, aprovechando los servicios de proveedores de autotransporte federal en la modalidad turismo. Su prop\u00f3sito radica en conectar a aquellos que buscan viajar con comodidad y seguridad a diversas ciudades de la Rep\u00fablica Mexicana con los servicios de transporte disponibles.<\/p>\t\t\t\t\t\t\t\t<\/div>\n\t\t\t\t<\/div>\n\t\t\t\t<div class=\"elementor-element elementor-element-88a2469 elementor-widget-divider--view-line elementor-widget elementor-widget-divider\" data-id=\"88a2469\" data-element_type=\"widget\" data-widget_type=\"divider.default\">\n\t\t\t\t<div class=\"elementor-widget-container\">\n\t\t\t\t\t\t\t<div class=\"elementor-divider\">\n\t\t\t<span class=\"elementor-divider-separator\">\n\t\t\t\t\t\t<\/span>\n\t\t<\/div>\n\t\t\t\t\t\t<\/div>\n\t\t\t\t<\/div>\n\t\t\t\t<div class=\"elementor-element elementor-element-b027464 elementor-widget elementor-widget-text-editor\" data-id=\"b027464\" data-element_type=\"widget\" data-widget_type=\"text-editor.default\">\n\t\t\t\t<div class=\"elementor-widget-container\">\n\t\t\t\t\t\t\t\t\t<h3>Reservaci\u00f3n de viajes compartidos<\/h3><p>Es necesario revisar la disponibilidad del viaje con al menos 12 horas de antelaci\u00f3n de la fecha en la que tiene previsto viajar. Para poder reservar los lugares se solicita $\ud835\udfed\ud835\udfec\ud835\udfec.\ud835\udfec\ud835\udfec (Cien pesos 00\/100 M. N.) \u00a0de anticipo por cada lugar.<\/p><p>Para estar en posibilidades de reservar sesis o m\u00e1s asientos ser\u00e1 indispensable el pago del 50% del costo, y al bordar se liquidar\u00e1 el resto.<\/p><h3>Formas de Pago<\/h3><ul class=\"font_8\"><li><p class=\"font_8\">Efectivo<\/p><\/li><li><p class=\"font_8\">Transferencia electr\u00f3nica (Santander y BBVA)<\/p><\/li><li><p class=\"font_8\">Dep\u00f3sito (v\u00eda bancaria, Oxxo, PractiCaja)<\/p><\/li><\/ul><p class=\"font_8\">Si se\u00a0 realiza una transferencia, se deber\u00e1 escribir en el\u00a0concepto\u00a0el nombre\u00a0de la persona\u00a0que reserva.\u00a0<\/p><h3>Abordaje<\/h3><p class=\"font_8\">Para abordar, deber\u00e1 presentarse diez minutos antes del horario de salida.<\/p><p class=\"font_8\">Al abordar la unidad, deber\u00e1s mostrar alguna identificaci\u00f3n:<\/p><ul class=\"font_8\"><li><p class=\"font_8\">INE<\/p><\/li><li><p class=\"font_8\">Pasaporte<\/p><\/li><li><p class=\"font_8\">C\u00e9dula Profesional<\/p><\/li><li><p class=\"font_8\">Licencia de conducir<\/p><\/li><li><p class=\"font_8\">En caso de ser menor de edad, deber\u00e1 el adulto que acompa\u00f1a al\u00a0menor identificarse.<\/p><\/li><\/ul><p class=\"font_8\">No podr\u00e1n viajar pasajeros en estado de ebriedad o con aliento alcoh\u00f3lico, ni personas bajo la influencia de cualquier tipo de droga.<\/p><h3>Reembolso y Promociones<\/h3><p class=\"font_8\">Podr\u00e1 realizar cambios de horario y fecha m\u00ednima con 24 horas de anticipaci\u00f3n al horario y fecha marcada en su boleto, enviando un correo a hilvmastervans@gmail.com o v\u00eda WhatsApp, especificando el nuevo horario y fecha de salida deseados.\u00a0<\/p><p class=\"font_8\">En caso que usted cancele el viaje y quisiera obtener el reembolso de anticipo o pago deber\u00e1 informar al menos 24 horas antes de la salida de su viaje. Deber\u00e1 mandar v\u00eda WhatsApp o correo el comprobante de pago y la cuenta a la que se realizar\u00e1 el reembolso.<\/p><p class=\"font_8\">Los usuarios que no solicitan su cambio con m\u00ednimo 24horas de anticipaci\u00f3n a su fecha y hora de salida, pierden su boleto y no tienen derecho a cambios. Promociones validas \u00fanicamente en p\u00e1gina de internet y no acumulables.\u00a0 Promociones sujetas a d\u00edas validos por ruta.<\/p><h3>Ni\u00f1os y Beb\u00e9s<\/h3><p>Por cuestiones de seguridad y condiciones del seguro de viajero, ni\u00f1os mayores de 2 a\u00f1os pagan asiento. Menores de 18 a\u00f1os deber\u00e1n viajar acompa\u00f1ados de un adulto ocupando un asiento y utilizando el cintur\u00f3n de seguridad, no podr\u00e1n viajar en las piernas del adulto.<\/p><h3>Seguro de Viaje<\/h3><p class=\"font_8\">Master Vans Mx proporciona un seguro de viaje individualizado para garantizar su seguridad en caso de accidente. Si un usuario olvida su equipaje en la unidad, se proceder\u00e1 a devolv\u00e9rselo lo m\u00e1s r\u00e1pido posible, siempre y cuando siga el protocolo establecido para este fin.<\/p><ul class=\"font_8\"><li><p class=\"font_8\">Contacto inmediato: En caso de haber dejado un objeto en el autob\u00fas, el pasajero debe comunicarse lo antes posible v\u00eda WhatsApp o correo. Se debe proporcionar detalles precisos sobre el objeto perdido, la fecha, hora y n\u00famero de asiento donde se encontraba.<\/p><\/li><li><p class=\"font_8\">Notificaci\u00f3n de hallazgo: En caso de encontrar el objeto, Master Vnas Mx contactar\u00e1 al pasajero para informar sobre el hallazgo y acordar el procedimiento para su devoluci\u00f3n.<\/p><\/li><li><p class=\"font_8\">Identificaci\u00f3n y reclamo: El pasajero deber\u00e1 identificarse y proporcionar pruebas de propiedad del objeto encontrado antes de que se proceda a su devoluci\u00f3n. Esto puede incluir descripciones detalladas, fotos o cualquier otro documento que demuestre la propiedad v\u00eda WhatsApp o correo.<\/p><\/li><li><p class=\"font_8\">Entrega del objeto: Una vez verificada la identidad y propiedad del objeto, se coordinar\u00e1 la entrega en un lugar convenido por ambas partes.<\/p><\/li><\/ul><h3>Equipaje Permitido<\/h3><p>Se permite por viajero 1 objeto personal (mochila o bolsa de mano) y 1 maleta que mida m\u00e1ximo 66 x 45 x 25 cm (largo x ancho x alto). La suma del peso del objeto personal y el equipaje no deben exceder los 30 kg, no debe ser una caja o bolsa negra. En caso de no cumplir los boletos no ser\u00e1n aplicables a cambio o reembolsos.<\/p><p>Se deber\u00e1 considerar que si su equipaje excede el peso o las medidas permitidas, se aplicar\u00e1n costos adicionales. Al momento de realizar la reserva del viaje, podr\u00e1 consultar la disponibilidad de espacio.<\/p><p>Master Vans Mx no se hace responsable de los da\u00f1os que puedan sufrir objetos de materiales fr\u00e1giles como cristal, electr\u00f3nicos, etc. ya que estos viajar\u00e1n bajo la responsabilidad del pasajero.<\/p><h3>Mascotas y Pet Friendly<\/h3><p>Est\u00e1 permitido viajar con mascotas de tama\u00f1o peque\u00f1o y mediano, deben ser llevados en su transportadora o mochila transportadora. Al realizar la reserva del viaje es importante indicar que la persona que viaja llevar\u00e1 una mascota.<\/p><h3>Extranjeros<\/h3><p>Viajeros extranjeros deber\u00e1n entregar el documento migratorio vigente que corresponda (oficial y copia) emitido por autoridad competente (en su caso, pr\u00f3rroga o refrendo migratorio), as\u00ed como su boleto impreso o digital.<\/p>\t\t\t\t\t\t\t\t<\/div>\n\t\t\t\t<\/div>\n\t\t\t\t\t<\/div>\n\t\t\t\t<\/div>\n\t\t\t\t<\/div>","protected":false},"excerpt":{"rendered":"<p>POL\u00cdTICA DE VIAJES INICIO \/ POL\u00cdTICA DE VIAJE Master Vans Mx representa una plataforma tecnol\u00f3gica que facilita la oferta de [&hellip;]<\/p>","protected":false},"author":1,"featured_media":0,"parent":0,"menu_order":0,"comment_status":"closed","ping_status":"closed","template":"","meta":{"site-sidebar-layout":"no-sidebar","site-content-layout":"","ast-site-content-layout":"full-width-container","site-content-style":"default","site-sidebar-style":"default","ast-global-header-display":"","ast-banner-title-visibility":"","ast-main-header-display":"","ast-hfb-above-header-display":"","ast-hfb-below-header-display":"","ast-hfb-mobile-header-display":"","site-post-title":"disabled","ast-breadcrumbs-content":"","ast-featured-img":"disabled","footer-sml-layout":"","theme-transparent-header-meta":"","adv-header-id-meta":"","stick-header-meta":"","header-above-stick-meta":"","header-main-stick-meta":"","header-below-stick-meta":"","astra-migrate-meta-layouts":"default","ast-page-background-enabled":"default","ast-page-background-meta":{"desktop":{"background-color":"var(--ast-global-color-5)","background-image":"","background-repeat":"repeat","background-position":"center center","background-size":"auto","background-attachment":"scroll","background-type":"","background-media":"","overlay-type":"","overlay-color":"","overlay-opacity":"","overlay-gradient":""},"tablet":{"background-color":"","background-image":"","background-repeat":"repeat","background-position":"center center","background-size":"auto","background-attachment":"scroll","background-type":"","background-media":"","overlay-type":"","overlay-color":"","overlay-opacity":"","overlay-gradient":""},"mobile":{"background-color":"","background-image":"","background-repeat":"repeat","background-position":"center center","background-size":"auto","background-attachment":"scroll","background-type":"","background-media":"","overlay-type":"","overlay-color":"","overlay-opacity":"","overlay-gradient":""}},"ast-content-background-meta":{"desktop":{"background-color":"var(--ast-global-color-4)","background-image":"","background-repeat":"repeat","background-position":"center center","background-size":"auto","background-attachment":"scroll","background-type":"","background-media":"","overlay-type":"","overlay-color":"","overlay-opacity":"","overlay-gradient":""},"tablet":{"background-color":"var(--ast-global-color-4)","background-image":"","background-repeat":"repeat","background-position":"center center","background-size":"auto","background-attachment":"scroll","background-type":"","background-media":"","overlay-type":"","overlay-color":"","overlay-opacity":"","overlay-gradient":""},"mobile":{"background-color":"var(--ast-global-color-4)","background-image":"","background-repeat":"repeat","background-position":"center center","background-size":"auto","background-attachment":"scroll","background-type":"","background-media":"","overlay-type":"","overlay-color":"","overlay-opacity":"","overlay-gradient":""}},"footnotes":""},"class_list":["post-1328","page","type-page","status-publish","hentry"],"_hostinger_reach_plugin_has_subscription_block":false,"_hostinger_reach_plugin_is_elementor":false,"_links":{"self":[{"href":"https:\/\/aplicacion.mastervans.com.mx\/en\/wp-json\/wp\/v2\/pages\/1328","targetHints":{"allow":["GET"]}}],"collection":[{"href":"https:\/\/aplicacion.mastervans.com.mx\/en\/wp-json\/wp\/v2\/pages"}],"about":[{"href":"https:\/\/aplicacion.mastervans.com.mx\/en\/wp-json\/wp\/v2\/types\/page"}],"author":[{"embeddable":true,"href":"https:\/\/aplicacion.mastervans.com.mx\/en\/wp-json\/wp\/v2\/users\/1"}],"replies":[{"embeddable":true,"href":"https:\/\/aplicacion.mastervans.com.mx\/en\/wp-json\/wp\/v2\/comments?post=1328"}],"version-history":[{"count":13,"href":"https:\/\/aplicacion.mastervans.com.mx\/en\/wp-json\/wp\/v2\/pages\/1328\/revisions"}],"predecessor-version":[{"id":1490,"href":"https:\/\/aplicacion.mastervans.com.mx\/en\/wp-json\/wp\/v2\/pages\/1328\/revisions\/1490"}],"wp:attachment":[{"href":"https:\/\/aplicacion.mastervans.com.mx\/en\/wp-json\/wp\/v2\/media?parent=1328"}],"curies":[{"name":"wp","href":"https:\/\/api.w.org\/{rel}","templated":true}]}}